{"id":2282,"date":"2020-04-20T10:21:19","date_gmt":"2020-04-20T10:21:19","guid":{"rendered":"https:\/\/www.moriah-schoenstatt.org\/?page_id=2282"},"modified":"2024-06-03T17:08:36","modified_gmt":"2024-06-03T17:08:36","slug":"home","status":"publish","type":"page","link":"https:\/\/www.moriah-schoenstatt.org\/en\/","title":{"rendered":"Home"},"content":{"rendered":"\t\t<div data-elementor-type=\"wp-page\" data-elementor-id=\"2282\" class=\"elementor elementor-2282 elementor-7\" data-elementor-post-type=\"page\">\n\t\t\t\t\t\t<section class=\"elementor-section elementor-top-section elementor-element elementor-element-3a12941 elementor-section-full_width elementor-section-height-default elementor-section-height-default elementor-columns-alignment-fix-enabled\" data-id=\"3a12941\" data-element_type=\"section\">\n\t\t\t\t\t\t<div class=\"elementor-container elementor-column-gap-default\">\n\t\t\t\t\t<div class=\"elementor-column elementor-col-100 elementor-top-column elementor-element elementor-element-59a083b\" data-id=\"59a083b\" data-element_type=\"column\">\n\t\t\t<div class=\"elementor-widget-wrap elementor-element-populated\">\n\t\t\t\t\t\t<div class=\"elementor-element elementor-element-39fd60b elementor--h-position-center elementor--v-position-middle elementor-widget elementor-widget-slides\" data-id=\"39fd60b\" data-element_type=\"widget\" data-settings=\"{&quot;navigation&quot;:&quot;none&quot;,&quot;autoplay_speed&quot;:3000,&quot;transition_speed&quot;:1000,&quot;autoplay&quot;:&quot;yes&quot;,&quot;infinite&quot;:&quot;yes&quot;,&quot;transition&quot;:&quot;slide&quot;}\" data-widget_type=\"slides.default\">\n\t\t\t\t<div class=\"elementor-widget-container\">\n\t\t\t\t\t\t\t\t\t<div class=\"elementor-swiper\">\n\t\t\t\t\t<div class=\"elementor-slides-wrapper elementor-main-swiper swiper\" role=\"region\" aria-roledescription=\"carousel\" aria-label=\"Slides\" dir=\"ltr\" data-animation=\"\">\n\t\t\t\t<div class=\"swiper-wrapper elementor-slides\">\n\t\t\t\t\t\t\t\t\t\t<div class=\"elementor-repeater-item-621a780 swiper-slide\" role=\"group\" aria-roledescription=\"slide\"><div class=\"swiper-slide-bg\" role=\"img\"><\/div><div class=\"swiper-slide-inner\" ><div class=\"swiper-slide-contents\"><\/div><\/div><\/div><div class=\"elementor-repeater-item-ef63016 swiper-slide\" role=\"group\" aria-roledescription=\"slide\"><div class=\"swiper-slide-bg\" role=\"img\"><\/div><div class=\"swiper-slide-inner\" ><div class=\"swiper-slide-contents\"><\/div><\/div><\/div><div class=\"elementor-repeater-item-bb63fa6 swiper-slide\" role=\"group\" aria-roledescription=\"slide\"><div class=\"swiper-slide-bg\" role=\"img\"><\/div><div class=\"swiper-slide-inner\" ><div class=\"swiper-slide-contents\"><\/div><\/div><\/div>\t\t\t\t<\/div>\n\t\t\t\t\t\t\t\t\t\t\t\t\t\t\t\t\t\t\t\t\t<\/div>\n\t\t\t\t<\/div>\n\t\t\t\t\t\t\t\t<\/div>\n\t\t\t\t<\/div>\n\t\t\t\t\t<\/div>\n\t\t<\/div>\n\t\t\t\t\t<\/div>\n\t\t<\/section>\n\t\t\t\t<section class=\"elementor-section elementor-top-section elementor-element elementor-element-cccc553 elementor-section-boxed elementor-section-height-default elementor-section-height-default elementor-columns-alignment-fix-enabled\" data-id=\"cccc553\" data-element_type=\"section\">\n\t\t\t\t\t\t<div class=\"elementor-container elementor-column-gap-default\">\n\t\t\t\t\t<div class=\"elementor-column elementor-col-100 elementor-top-column elementor-element elementor-element-9cd531d\" data-id=\"9cd531d\" data-element_type=\"column\">\n\t\t\t<div class=\"elementor-widget-wrap elementor-element-populated\">\n\t\t\t\t\t\t<div class=\"elementor-element elementor-element-0e3eb8b elementor-widget elementor-widget-heading\" data-id=\"0e3eb8b\" data-element_type=\"widget\" data-widget_type=\"heading.default\">\n\t\t\t\t<div class=\"elementor-widget-container\">\n\t\t\t\t\t<h1 class=\"elementor-heading-title elementor-size-default\">Willkommen auf den Seiten des Sch\u00f6nstatt Priesterverbandes<\/h1>\t\t\t\t<\/div>\n\t\t\t\t<\/div>\n\t\t\t\t\t<\/div>\n\t\t<\/div>\n\t\t\t\t\t<\/div>\n\t\t<\/section>\n\t\t\t\t<section class=\"elementor-section elementor-top-section elementor-element elementor-element-2e5fdbe0 elementor-section-boxed elementor-section-height-default elementor-section-height-default elementor-columns-alignment-fix-enabled\" data-id=\"2e5fdbe0\" data-element_type=\"section\" data-settings=\"{&quot;background_background&quot;:&quot;classic&quot;}\">\n\t\t\t\t\t\t\t<div class=\"elementor-background-overlay\"><\/div>\n\t\t\t\t\t\t\t<div class=\"elementor-container elementor-column-gap-no\">\n\t\t\t\t\t<div class=\"elementor-column elementor-col-100 elementor-top-column elementor-element elementor-element-b6cb93d\" data-id=\"b6cb93d\" data-element_type=\"column\">\n\t\t\t<div class=\"elementor-widget-wrap elementor-element-populated\">\n\t\t\t\t\t\t<div class=\"elementor-element elementor-element-89fff62 elementor-arrows-position-inside elementor-widget elementor-widget-image-carousel\" data-id=\"89fff62\" data-element_type=\"widget\" data-settings=\"{&quot;slides_to_scroll&quot;:&quot;3&quot;,&quot;navigation&quot;:&quot;arrows&quot;,&quot;autoplay&quot;:&quot;yes&quot;,&quot;pause_on_hover&quot;:&quot;yes&quot;,&quot;pause_on_interaction&quot;:&quot;yes&quot;,&quot;autoplay_speed&quot;:5000,&quot;infinite&quot;:&quot;yes&quot;,&quot;speed&quot;:500}\" data-widget_type=\"image-carousel.default\">\n\t\t\t\t<div class=\"elementor-widget-container\">\n\t\t\t\t\t\t\t<div class=\"elementor-image-carousel-wrapper swiper\" role=\"region\" aria-roledescription=\"carousel\" aria-label=\"Image Carousel\" dir=\"ltr\">\n\t\t\t<div class=\"elementor-image-carousel swiper-wrapper\" aria-live=\"off\">\n\t\t\t\t\t\t\t\t<div class=\"swiper-slide\" role=\"group\" aria-roledescription=\"slide\" aria-label=\"1 of 9\"><a data-elementor-open-lightbox=\"yes\" data-elementor-lightbox-slideshow=\"89fff62\" data-elementor-lightbox-title=\"20200110 Gruppenfoto nach der Abschlussmesse\" data-e-action-hash=\"#elementor-action%3Aaction%3Dlightbox%26settings%3DeyJpZCI6MTY0LCJ1cmwiOiJodHRwczpcL1wvd3d3Lm1vcmlhaC1zY2hvZW5zdGF0dC5vcmdcL3dwLWNvbnRlbnRcL3VwbG9hZHNcLzIwMjBcLzA1XC8yMDIwMDExMC1HcnVwcGVuZm90by1uYWNoLWRlci1BYnNjaGx1c3NtZXNzZS5qcGciLCJzbGlkZXNob3ciOiI4OWZmZjYyIn0%3D\" href=\"https:\/\/www.moriah-schoenstatt.org\/en\/ueber-uns\/\"><figure class=\"swiper-slide-inner\"><img decoding=\"async\" class=\"swiper-slide-image\" src=\"https:\/\/www.moriah-schoenstatt.org\/wp-content\/uploads\/2020\/05\/20200110-Gruppenfoto-nach-der-Abschlussmesse-600x400.jpg\" alt=\"20200110 Gruppenfoto nach der Abschlussmesse\" \/><\/figure><\/a><\/div><div class=\"swiper-slide\" role=\"group\" aria-roledescription=\"slide\" aria-label=\"2 of 9\"><a data-elementor-open-lightbox=\"yes\" data-elementor-lightbox-slideshow=\"89fff62\" data-elementor-lightbox-title=\"Gebet am Bildstock unserer Gemeinschaft in Santiago de Chile, Januar 2020_2k\" data-e-action-hash=\"#elementor-action%3Aaction%3Dlightbox%26settings%3DeyJpZCI6MTU1LCJ1cmwiOiJodHRwczpcL1wvd3d3Lm1vcmlhaC1zY2hvZW5zdGF0dC5vcmdcL3dwLWNvbnRlbnRcL3VwbG9hZHNcLzIwMjBcLzA1XC9HZWJldC1hbS1CaWxkc3RvY2stdW5zZXJlci1HZW1laW5zY2hhZnQtaW4tU2FudGlhZ28tZGUtQ2hpbGUtSmFudWFyLTIwMjBfMmsuanBnIiwic2xpZGVzaG93IjoiODlmZmY2MiJ9\" href=\"https:\/\/www.moriah-schoenstatt.org\/en\/ueber-uns\/\"><figure class=\"swiper-slide-inner\"><img decoding=\"async\" class=\"swiper-slide-image\" src=\"https:\/\/www.moriah-schoenstatt.org\/wp-content\/uploads\/2020\/05\/Gebet-am-Bildstock-unserer-Gemeinschaft-in-Santiago-de-Chile-Januar-2020_2k-600x400.jpg\" alt=\"Gebet am Bildstock unserer Gemeinschaft in Santiago de Chile, Januar 2020_2k\" \/><\/figure><\/a><\/div><div class=\"swiper-slide\" role=\"group\" aria-roledescription=\"slide\" aria-label=\"3 of 9\"><a data-elementor-open-lightbox=\"yes\" data-elementor-lightbox-slideshow=\"89fff62\" data-elementor-lightbox-title=\"2018_Kurs aus Burundi nach ihrem Ewigkontrakt im Moriah-Heiligtum_2k\" data-e-action-hash=\"#elementor-action%3Aaction%3Dlightbox%26settings%3DeyJpZCI6MTM1LCJ1cmwiOiJodHRwczpcL1wvd3d3Lm1vcmlhaC1zY2hvZW5zdGF0dC5vcmdcL3dwLWNvbnRlbnRcL3VwbG9hZHNcLzIwMjBcLzA1XC8yMDE4X0t1cnMtYXVzLUJ1cnVuZGktbmFjaC1paHJlbS1Fd2lna29udHJha3QtaW0tTW9yaWFoLUhlaWxpZ3R1bV8yay5qcGciLCJzbGlkZXNob3ciOiI4OWZmZjYyIn0%3D\" href=\"https:\/\/www.moriah-schoenstatt.org\/en\/ueber-uns\/\"><figure class=\"swiper-slide-inner\"><img decoding=\"async\" class=\"swiper-slide-image\" src=\"https:\/\/www.moriah-schoenstatt.org\/wp-content\/uploads\/2020\/05\/2018_Kurs-aus-Burundi-nach-ihrem-Ewigkontrakt-im-Moriah-Heiligtum_2k-600x400.jpg\" alt=\"2018_Kurs aus Burundi nach ihrem Ewigkontrakt im Moriah-Heiligtum_2k\" \/><\/figure><\/a><\/div><div class=\"swiper-slide\" role=\"group\" aria-roledescription=\"slide\" aria-label=\"4 of 9\"><a data-elementor-open-lightbox=\"yes\" data-elementor-lightbox-slideshow=\"89fff62\" data-elementor-lightbox-title=\"2018_Eiwgtertiatskurs vor S. Maria in Trastevere in Rom_2k\" data-e-action-hash=\"#elementor-action%3Aaction%3Dlightbox%26settings%3DeyJpZCI6MTMxLCJ1cmwiOiJodHRwczpcL1wvd3d3Lm1vcmlhaC1zY2hvZW5zdGF0dC5vcmdcL3dwLWNvbnRlbnRcL3VwbG9hZHNcLzIwMjBcLzA1XC8yMDE4X0Vpd2d0ZXJ0aWF0c2t1cnMtdm9yLVMuLU1hcmlhLWluLVRyYXN0ZXZlcmUtaW4tUm9tXzJrLmpwZyIsInNsaWRlc2hvdyI6Ijg5ZmZmNjIifQ%3D%3D\" href=\"https:\/\/www.moriah-schoenstatt.org\/en\/ueber-uns\/\"><figure class=\"swiper-slide-inner\"><img decoding=\"async\" class=\"swiper-slide-image\" src=\"https:\/\/www.moriah-schoenstatt.org\/wp-content\/uploads\/2020\/05\/2018_Eiwgtertiatskurs-vor-S.-Maria-in-Trastevere-in-Rom_2k-600x400.jpg\" alt=\"2018_Eiwgtertiatskurs vor S. Maria in Trastevere in Rom_2k\" \/><\/figure><\/a><\/div><div class=\"swiper-slide\" role=\"group\" aria-roledescription=\"slide\" aria-label=\"5 of 9\"><a data-elementor-open-lightbox=\"yes\" data-elementor-lightbox-slideshow=\"89fff62\" data-elementor-lightbox-title=\"2017_Gebet am Grab von Pater Kentenich auf Berg Sch\u00f6nstatt am Ende der Verbandserezitien_2k\" data-e-action-hash=\"#elementor-action%3Aaction%3Dlightbox%26settings%3DeyJpZCI6MTIzLCJ1cmwiOiJodHRwczpcL1wvd3d3Lm1vcmlhaC1zY2hvZW5zdGF0dC5vcmdcL3dwLWNvbnRlbnRcL3VwbG9hZHNcLzIwMjBcLzA1XC8yMDE3X0dlYmV0LWFtLUdyYWItdm9uLVBhdGVyLUtlbnRlbmljaC1hdWYtQmVyZy1TY2hcdTAwZjZuc3RhdHQtYW0tRW5kZS1kZXItVmVyYmFuZHNlcmV6aXRpZW5fMmsuanBnIiwic2xpZGVzaG93IjoiODlmZmY2MiJ9\" href=\"https:\/\/www.moriah-schoenstatt.org\/en\/ueber-uns\/\"><figure class=\"swiper-slide-inner\"><img decoding=\"async\" class=\"swiper-slide-image\" src=\"https:\/\/www.moriah-schoenstatt.org\/wp-content\/uploads\/2020\/05\/2017_Gebet-am-Grab-von-Pater-Kentenich-auf-Berg-Sch\u00f6nstatt-am-Ende-der-Verbandserezitien_2k-600x400.jpg\" alt=\"2017_Gebet am Grab von Pater Kentenich auf Berg Sch\u00f6nstatt am Ende der Verbandserezitien_2k\" \/><\/figure><\/a><\/div><div class=\"swiper-slide\" role=\"group\" aria-roledescription=\"slide\" aria-label=\"6 of 9\"><a data-elementor-open-lightbox=\"yes\" data-elementor-lightbox-slideshow=\"89fff62\" data-elementor-lightbox-title=\"2017_Mitbr\u00fcder des Sch\u00f6nstatt-Priesterverbandes bei einer Tagung auf Berg Moriah_2k\" data-e-action-hash=\"#elementor-action%3Aaction%3Dlightbox%26settings%3DeyJpZCI6MTI1LCJ1cmwiOiJodHRwczpcL1wvd3d3Lm1vcmlhaC1zY2hvZW5zdGF0dC5vcmdcL3dwLWNvbnRlbnRcL3VwbG9hZHNcLzIwMjBcLzA1XC8yMDE3X01pdGJyXHUwMGZjZGVyLWRlcy1TY2hcdTAwZjZuc3RhdHQtUHJpZXN0ZXJ2ZXJiYW5kZXMtYmVpLWVpbmVyLVRhZ3VuZy1hdWYtQmVyZy1Nb3JpYWhfMmsuanBnIiwic2xpZGVzaG93IjoiODlmZmY2MiJ9\" href=\"https:\/\/www.moriah-schoenstatt.org\/en\/ueber-uns\/\"><figure class=\"swiper-slide-inner\"><img decoding=\"async\" class=\"swiper-slide-image\" src=\"https:\/\/www.moriah-schoenstatt.org\/wp-content\/uploads\/2020\/05\/2017_Mitbr\u00fcder-des-Sch\u00f6nstatt-Priesterverbandes-bei-einer-Tagung-auf-Berg-Moriah_2k-600x400.jpg\" alt=\"2017_Mitbr\u00fcder des Sch\u00f6nstatt-Priesterverbandes bei einer Tagung auf Berg Moriah_2k\" \/><\/figure><\/a><\/div><div class=\"swiper-slide\" role=\"group\" aria-roledescription=\"slide\" aria-label=\"7 of 9\"><a data-elementor-open-lightbox=\"yes\" data-elementor-lightbox-slideshow=\"89fff62\" data-elementor-lightbox-title=\"2018_Regio Nuevo Belen in Santiago de Chile_2k\" data-e-action-hash=\"#elementor-action%3Aaction%3Dlightbox%26settings%3DeyJpZCI6MTM4LCJ1cmwiOiJodHRwczpcL1wvd3d3Lm1vcmlhaC1zY2hvZW5zdGF0dC5vcmdcL3dwLWNvbnRlbnRcL3VwbG9hZHNcLzIwMjBcLzA1XC8yMDE4X1JlZ2lvLU51ZXZvLUJlbGVuLWluLVNhbnRpYWdvLWRlLUNoaWxlXzJrLmpwZyIsInNsaWRlc2hvdyI6Ijg5ZmZmNjIifQ%3D%3D\" href=\"https:\/\/www.moriah-schoenstatt.org\/en\/ueber-uns\/\"><figure class=\"swiper-slide-inner\"><img decoding=\"async\" class=\"swiper-slide-image\" src=\"https:\/\/www.moriah-schoenstatt.org\/wp-content\/uploads\/2020\/05\/2018_Regio-Nuevo-Belen-in-Santiago-de-Chile_2k-600x400.jpg\" alt=\"2018_Regio Nuevo Belen in Santiago de Chile_2k\" \/><\/figure><\/a><\/div><div class=\"swiper-slide\" role=\"group\" aria-roledescription=\"slide\" aria-label=\"8 of 9\"><a data-elementor-open-lightbox=\"yes\" data-elementor-lightbox-slideshow=\"89fff62\" data-elementor-lightbox-title=\"2018_Teilnehmer der Moriah-Woche_2k\" data-e-action-hash=\"#elementor-action%3Aaction%3Dlightbox%26settings%3DeyJpZCI6MTM5LCJ1cmwiOiJodHRwczpcL1wvd3d3Lm1vcmlhaC1zY2hvZW5zdGF0dC5vcmdcL3dwLWNvbnRlbnRcL3VwbG9hZHNcLzIwMjBcLzA1XC8yMDE4X1RlaWxuZWhtZXItZGVyLU1vcmlhaC1Xb2NoZV8yay5qcGciLCJzbGlkZXNob3ciOiI4OWZmZjYyIn0%3D\" href=\"https:\/\/www.moriah-schoenstatt.org\/en\/ueber-uns\/\"><figure class=\"swiper-slide-inner\"><img decoding=\"async\" class=\"swiper-slide-image\" src=\"https:\/\/www.moriah-schoenstatt.org\/wp-content\/uploads\/2020\/05\/2018_Teilnehmer-der-Moriah-Woche_2k-600x400.jpg\" alt=\"2018_Teilnehmer der Moriah-Woche_2k\" \/><\/figure><\/a><\/div><div class=\"swiper-slide\" role=\"group\" aria-roledescription=\"slide\" aria-label=\"9 of 9\"><a data-elementor-open-lightbox=\"yes\" data-elementor-lightbox-slideshow=\"89fff62\" data-elementor-lightbox-title=\"20190_Ewigtertiatswkurs aus der Dominikanischen Republik am SchnstattznetrumCanisiushof bei Ingolstadt_2k\" data-e-action-hash=\"#elementor-action%3Aaction%3Dlightbox%26settings%3DeyJpZCI6MTQ3LCJ1cmwiOiJodHRwczpcL1wvd3d3Lm1vcmlhaC1zY2hvZW5zdGF0dC5vcmdcL3dwLWNvbnRlbnRcL3VwbG9hZHNcLzIwMjBcLzA1XC8yMDE5MF9Fd2lndGVydGlhdHN3a3Vycy1hdXMtZGVyLURvbWluaWthbmlzY2hlbi1SZXB1Ymxpay1hbS1TY2huc3RhdHR6bmV0cnVtQ2FuaXNpdXNob2YtYmVpLUluZ29sc3RhZHRfMmsuanBnIiwic2xpZGVzaG93IjoiODlmZmY2MiJ9\" href=\"https:\/\/www.moriah-schoenstatt.org\/en\/ueber-uns\/\"><figure class=\"swiper-slide-inner\"><img decoding=\"async\" class=\"swiper-slide-image\" src=\"https:\/\/www.moriah-schoenstatt.org\/wp-content\/uploads\/2020\/05\/20190_Ewigtertiatswkurs-aus-der-Dominikanischen-Republik-am-SchnstattznetrumCanisiushof-bei-Ingolstadt_2k-600x400.jpg\" alt=\"20190_Ewigtertiatswkurs aus der Dominikanischen Republik am SchnstattznetrumCanisiushof bei Ingolstadt_2k\" \/><\/figure><\/a><\/div>\t\t\t<\/div>\n\t\t\t\t\t\t\t\t\t\t\t\t<div class=\"elementor-swiper-button elementor-swiper-button-prev\" role=\"button\" tabindex=\"0\">\n\t\t\t\t\t\t<i aria-hidden=\"true\" class=\"eicon-chevron-left\"><\/i>\t\t\t\t\t<\/div>\n\t\t\t\t\t<div class=\"elementor-swiper-button elementor-swiper-button-next\" role=\"button\" tabindex=\"0\">\n\t\t\t\t\t\t<i aria-hidden=\"true\" class=\"eicon-chevron-right\"><\/i>\t\t\t\t\t<\/div>\n\t\t\t\t\n\t\t\t\t\t\t\t\t\t<\/div>\n\t\t\t\t\t\t<\/div>\n\t\t\t\t<\/div>\n\t\t\t\t<div class=\"elementor-element elementor-element-5cb9874 elementor-cta--layout-image-left elementor-cta--valign-top elementor-cta--skin-classic elementor-animated-content elementor-bg-transform elementor-bg-transform-zoom-in elementor-widget elementor-widget-call-to-action\" data-id=\"5cb9874\" data-element_type=\"widget\" data-widget_type=\"call-to-action.default\">\n\t\t\t\t<div class=\"elementor-widget-container\">\n\t\t\t\t\t\t\t<a class=\"elementor-cta\" href=\"https:\/\/www.moriah-schoenstatt.org\/en\/ueber-uns\/\">\n\t\t\t\t\t\t\t<div class=\"elementor-cta__content\">\n\t\t\t\t\n\t\t\t\t\t\t\t\t\t<h2 class=\"elementor-cta__title elementor-cta__content-item elementor-content-item\">\n\t\t\t\t\t\tPriester aus Leidenschaft\t\t\t\t\t<\/h2>\n\t\t\t\t\n\t\t\t\t\t\t\t\t\t<div class=\"elementor-cta__description elementor-cta__content-item elementor-content-item\">\n\t\t\t\t\t\t<p>Unsere Gemeinschaft, das Sch\u00f6nstatt-Institut Di\u00f6zesanpriester, stellt sich vor...<\/p>\n\t\t\t\t\t<\/div>\n\t\t\t\t\n\t\t\t\t\t\t\t\t\t<div class=\"elementor-cta__button-wrapper elementor-cta__content-item elementor-content-item \">\n\t\t\t\t\t<span class=\"elementor-cta__button elementor-button elementor-size-\">\n\t\t\t\t\t\t\u00dcber uns\t\t\t\t\t<\/span>\n\t\t\t\t\t<\/div>\n\t\t\t\t\t\t\t<\/div>\n\t\t\t\t\t\t<\/a>\n\t\t\t\t\t\t<\/div>\n\t\t\t\t<\/div>\n\t\t\t\t\t<\/div>\n\t\t<\/div>\n\t\t\t\t\t<\/div>\n\t\t<\/section>\n\t\t\t\t<section class=\"elementor-section elementor-top-section elementor-element elementor-element-1bfb0aa elementor-section-boxed elementor-section-height-default elementor-section-height-default elementor-columns-alignment-fix-enabled\" data-id=\"1bfb0aa\" data-element_type=\"section\">\n\t\t\t\t\t\t<div class=\"elementor-container elementor-column-gap-default\">\n\t\t\t\t\t<div class=\"elementor-column elementor-col-100 elementor-top-column elementor-element elementor-element-a1bf38a\" data-id=\"a1bf38a\" data-element_type=\"column\">\n\t\t\t<div class=\"elementor-widget-wrap elementor-element-populated\">\n\t\t\t\t\t\t<div class=\"elementor-element elementor-element-3521e0d elementor-widget elementor-widget-heading\" data-id=\"3521e0d\" data-element_type=\"widget\" data-widget_type=\"heading.default\">\n\t\t\t\t<div class=\"elementor-widget-container\">\n\t\t\t\t\t<h2 class=\"elementor-heading-title elementor-size-default\">Aktuelles<\/h2>\t\t\t\t<\/div>\n\t\t\t\t<\/div>\n\t\t\t\t<div class=\"elementor-element elementor-element-13ddc55 elementor-widget elementor-widget-eael-post-carousel\" data-id=\"13ddc55\" data-element_type=\"widget\" data-settings=\"{&quot;items&quot;:{&quot;unit&quot;:&quot;px&quot;,&quot;size&quot;:3,&quot;sizes&quot;:[]},&quot;items_tablet&quot;:{&quot;unit&quot;:&quot;px&quot;,&quot;size&quot;:2,&quot;sizes&quot;:[]},&quot;items_mobile&quot;:{&quot;unit&quot;:&quot;px&quot;,&quot;size&quot;:1,&quot;sizes&quot;:[]}}\" data-widget_type=\"eael-post-carousel.default\">\n\t\t\t\t<div class=\"elementor-widget-container\">\n\t\t\t\t\t        <div class=\"swiper-container-wrap eael-post-grid-container eael-post-carousel-wrap eael-post-carousel-style-one swiper-container-wrap-dots-outside\" id=\"eael-post-grid-13ddc55\">\n\t\t\t            <div class=\"swiper swiper-8 eael-post-carousel eael-post-grid swiper-container-13ddc55 eael-post-appender-13ddc55 show-read-more-button\" data-pagination=\".swiper-pagination-13ddc55\" data-arrow-next=\".swiper-button-next-13ddc55\" data-arrow-prev=\".swiper-button-prev-13ddc55\" data-items-mobile=\"1\" data-items-tablet=\"2\" data-items=\"3\" data-margin=\"10\" data-effect=\"slide\" data-speed=\"10\" data-autoplay=\"5000\" data-loop=\"1\" data-dots=\"1\">\n                <div class=\"swiper-wrapper\">\n\t\t\t\t\t<p class=\"no-posts-found\">No posts found!<\/p>                <\/div>\n            <\/div>\n            <div class=\"clearfix\"><\/div>\n\t\t\t            <!-- Add Pagination -->\n            <div class=\"swiper-pagination swiper-pagination-13ddc55\"><\/div>\n\t\t        <\/div>\n\t\t\t\t\t\t<\/div>\n\t\t\t\t<\/div>\n\t\t\t\t\t<\/div>\n\t\t<\/div>\n\t\t\t\t\t<\/div>\n\t\t<\/section>\n\t\t\t\t<section class=\"elementor-section elementor-top-section elementor-element elementor-element-52d38cc elementor-section-boxed elementor-section-height-default elementor-section-height-default elementor-columns-alignment-fix-enabled\" data-id=\"52d38cc\" data-element_type=\"section\" data-settings=\"{&quot;background_background&quot;:&quot;classic&quot;}\">\n\t\t\t\t\t\t\t<div class=\"elementor-background-overlay\"><\/div>\n\t\t\t\t\t\t\t<div class=\"elementor-container elementor-column-gap-wide\">\n\t\t\t\t\t<div class=\"elementor-column elementor-col-50 elementor-top-column elementor-element elementor-element-28249d1\" data-id=\"28249d1\" data-element_type=\"column\">\n\t\t\t<div class=\"elementor-widget-wrap elementor-element-populated\">\n\t\t\t\t\t\t<div class=\"elementor-element elementor-element-92f8959 eael-infobox-icon-bg-shape-none eael-infobox-icon-hover-bg-shape-none elementor-widget elementor-widget-eael-info-box\" data-id=\"92f8959\" data-element_type=\"widget\" data-widget_type=\"eael-info-box.default\">\n\t\t\t\t<div class=\"elementor-widget-container\">\n\t\t\t\t\t            <a href=\"https:\/\/www.moriah-schoenstatt.org\/ansprechpartner-und-kontakt\/\">\n\t            <div class=\"eael-infobox icon-on-left\">\n\t            <div class=\"infobox-icon eael-icon-only\">\n\n            \n                            <div class=\"infobox-icon-wrap\">\n                    <i aria-hidden=\"true\" class=\"fas fa-envelope-open-text\"><\/i>                <\/div>\n            \n            \n        <\/div>\n            <div class=\"infobox-content eael-icon-only\">\n                    <div class=\"infobox-title-section\">\n                <h2 class=\"title\">Ansprechpartner und Kontakt<\/h2>            <\/div>\n            <div><p>Hier finden Sie die E-Mail-Adressen und Telefonnummern des Vaterhauses und der Ansprechpartner f\u00fcr Interessenten.<\/p>\n<\/div>        <\/div>\n            <\/div>\n\n\t\t            <\/a>\n\t\t\t\t\t\t<\/div>\n\t\t\t\t<\/div>\n\t\t\t\t\t<\/div>\n\t\t<\/div>\n\t\t\t\t<div class=\"elementor-column elementor-col-50 elementor-top-column elementor-element elementor-element-a249802\" data-id=\"a249802\" data-element_type=\"column\">\n\t\t\t<div class=\"elementor-widget-wrap elementor-element-populated\">\n\t\t\t\t\t\t<div class=\"elementor-element elementor-element-c255c42 eael-infobox-icon-bg-shape-none eael-infobox-icon-hover-bg-shape-none elementor-widget elementor-widget-eael-info-box\" data-id=\"c255c42\" data-element_type=\"widget\" data-widget_type=\"eael-info-box.default\">\n\t\t\t\t<div class=\"elementor-widget-container\">\n\t\t\t\t\t            <a href=\"https:\/\/www.moriah-schoenstatt.org\/haeuser-und-zentren\/\">\n\t            <div class=\"eael-infobox icon-on-left\">\n\t            <div class=\"infobox-icon eael-icon-only\">\n\n            \n                            <div class=\"infobox-icon-wrap\">\n                    <i aria-hidden=\"true\" class=\"fas fa-church\"><\/i>                <\/div>\n            \n            \n        <\/div>\n            <div class=\"infobox-content eael-icon-only\">\n                    <div class=\"infobox-title-section\">\n                <h2 class=\"title\">H\u00e4user und Zentren<\/h2>            <\/div>\n            <div><p>Kontaktadressen der weltweiten Sch\u00f6nstatt-Zentren, in denen Priester des Priesterverbandes und der Priesterliga vertreten sind.<\/p>\n<\/div>        <\/div>\n            <\/div>\n\n\t\t            <\/a>\n\t\t\t\t\t\t<\/div>\n\t\t\t\t<\/div>\n\t\t\t\t\t<\/div>\n\t\t<\/div>\n\t\t\t\t\t<\/div>\n\t\t<\/section>\n\t\t\t\t<\/div>\n\t\t","protected":false},"excerpt":{"rendered":"<p>Willkommen auf den Seiten des Sch\u00f6nstatt Priesterverbandes Priester aus Leidenschaft Unsere Gemeinschaft, das Sch\u00f6nstatt-Institut Di\u00f6zesanpriester, stellt sich vor&#8230; \u00dcber uns Aktuelles Priestertag in Sch\u00f6nstatt 17. Juni 2024 Weiterlesen Mit Karl Leisner Zuversicht wagen Karl-Leisner-Pilgermarsch vom 05. \u2013 09. August 2024Kevelaer \u2013 Kleve \u2013&#8230; Weiterlesen Exerzitien 2024 G\u00e4ste- und Tagungshaus BERG MORIAH Weiterlesen Gesch\u00e4ftsordnung und Personalaktenordnung &#8230; <a title=\"Home\" class=\"read-more\" href=\"https:\/\/www.moriah-schoenstatt.org\/en\/\" aria-label=\"Read more about Home\">Read more<\/a><\/p>\n","protected":false},"author":1,"featured_media":0,"parent":0,"menu_order":0,"comment_status":"closed","ping_status":"closed","template":"","meta":{"_acf_changed":false,"footnotes":""},"class_list":["post-2282","page","type-page","status-publish"],"acf":[],"_links":{"self":[{"href":"https:\/\/www.moriah-schoenstatt.org\/en\/wp-json\/wp\/v2\/pages\/2282","targetHints":{"allow":["GET"]}}],"collection":[{"href":"https:\/\/www.moriah-schoenstatt.org\/en\/wp-json\/wp\/v2\/pages"}],"about":[{"href":"https:\/\/www.moriah-schoenstatt.org\/en\/wp-json\/wp\/v2\/types\/page"}],"author":[{"embeddable":true,"href":"https:\/\/www.moriah-schoenstatt.org\/en\/wp-json\/wp\/v2\/users\/1"}],"replies":[{"embeddable":true,"href":"https:\/\/www.moriah-schoenstatt.org\/en\/wp-json\/wp\/v2\/comments?post=2282"}],"version-history":[{"count":49,"href":"https:\/\/www.moriah-schoenstatt.org\/en\/wp-json\/wp\/v2\/pages\/2282\/revisions"}],"predecessor-version":[{"id":5041,"href":"https:\/\/www.moriah-schoenstatt.org\/en\/wp-json\/wp\/v2\/pages\/2282\/revisions\/5041"}],"wp:attachment":[{"href":"https:\/\/www.moriah-schoenstatt.org\/en\/wp-json\/wp\/v2\/media?parent=2282"}],"curies":[{"name":"wp","href":"https:\/\/api.w.org\/{rel}","templated":true}]}}