{"id":2293,"date":"2020-04-20T10:21:19","date_gmt":"2020-04-20T10:21:19","guid":{"rendered":"https:\/\/www.moriah-schoenstatt.org\/ueber-uns\/karl-leisner\/"},"modified":"2025-07-18T09:31:35","modified_gmt":"2025-07-18T09:31:35","slug":"karl-leisner","status":"publish","type":"page","link":"https:\/\/www.moriah-schoenstatt.org\/en\/ueber-uns\/karl-leisner\/","title":{"rendered":"Der Selige Karl Leisner, einer von uns"},"content":{"rendered":"\t\t<div data-elementor-type=\"wp-page\" data-elementor-id=\"2293\" class=\"elementor elementor-2293 elementor-12\" data-elementor-post-type=\"page\">\n\t\t\t\t\t\t<section class=\"elementor-section elementor-top-section elementor-element elementor-element-8c0bb15 elementor-section-boxed elementor-section-height-default elementor-section-height-default elementor-columns-alignment-fix-enabled\" data-id=\"8c0bb15\" data-element_type=\"section\">\n\t\t\t\t\t\t<div class=\"elementor-container elementor-column-gap-default\">\n\t\t\t\t\t<div class=\"elementor-column elementor-col-100 elementor-top-column elementor-element elementor-element-5f7fb01\" data-id=\"5f7fb01\" data-element_type=\"column\">\n\t\t\t<div class=\"elementor-widget-wrap elementor-element-populated\">\n\t\t\t\t\t\t<div class=\"elementor-element elementor-element-d037560 elementor-widget__width-initial elementor-widget elementor-widget-text-editor\" data-id=\"d037560\" data-element_type=\"widget\" data-widget_type=\"text-editor.default\">\n\t\t\t\t<div class=\"elementor-widget-container\">\n\t\t\t\t\t\t\t\t\t<p style=\"text-align: left;\">Am 26. Juni 1996 im Olympiastadion in Berlin von Papst Johannes Paul II. Seliggesprochen, ist Karl Leisner der erste aus der Sch\u00f6nstattbewegung, dem die Ehre der Alt\u00e4re zuteil wurde. Von einer innigen Liebe zu Maria und einer tiefgehenden Begeisterung f\u00fcr Christus und die Kirche gepr\u00e4gt, ist er eine hervorragende Gestalt der katholischen Jugendbewegung der 30er Jahre des 20. Jahrhunderts. Seine Begegnung mit Sch\u00f6nstatt, seine Bindung an das Heiligtum der Dreimal Wunderbaren Mutter von Sch\u00f6nstatt und die Gemeinschaft der Sch\u00f6nstattgruppen gaben ihm die Kraft zu einem intensiven und verantwortungsbewussten Einsatz als Jungendf\u00fchrer, zur opferbereiten Hingabe an den leidenden Christus im KZ und schlie\u00dflich zum vorbehaltlosen Zeugnis f\u00fcr Christus in der Hingabe seines Lebens als M\u00e4rtyrer.\u00a0 \u00a0 \u00a0 \u00a0 \u00a0 \u00a0 \u00a0 \u00a0 \u00a0 \u00a0 \u00a0 \u00a0 \u00a0 \u00a0 \u00a0 \u00a0 \u00a0 \u00a0 \u00a0 \u00a0 \u00a0 \u00a0 \u00a0 \u00a0 \u00a0 \u00a0 \u00a0 \u00a0 <img fetchpriority=\"high\" decoding=\"async\" class=\"size-medium wp-image-5548 aligncenter\" src=\"https:\/\/www.moriah-schoenstatt.org\/wp-content\/uploads\/2024\/10\/Teaserbild-zu-Karl-Leisner-225x300.png\" alt=\"\" width=\"225\" height=\"300\" srcset=\"https:\/\/www.moriah-schoenstatt.org\/wp-content\/uploads\/2024\/10\/Teaserbild-zu-Karl-Leisner-225x300.png 225w, https:\/\/www.moriah-schoenstatt.org\/wp-content\/uploads\/2024\/10\/Teaserbild-zu-Karl-Leisner.png 232w\" sizes=\"(max-width: 225px) 100vw, 225px\" \/><\/p>\t\t\t\t\t\t\t\t<\/div>\n\t\t\t\t<\/div>\n\t\t\t\t\t<\/div>\n\t\t<\/div>\n\t\t\t\t\t<\/div>\n\t\t<\/section>\n\t\t\t\t<section class=\"elementor-section elementor-top-section elementor-element elementor-element-216050b elementor-section-boxed elementor-section-height-default elementor-section-height-default elementor-columns-alignment-fix-enabled\" data-id=\"216050b\" data-element_type=\"section\" data-settings=\"{&quot;background_background&quot;:&quot;classic&quot;}\">\n\t\t\t\t\t\t<div class=\"elementor-container elementor-column-gap-wider\">\n\t\t\t\t\t<div class=\"elementor-column elementor-col-100 elementor-top-column elementor-element elementor-element-df78b00\" data-id=\"df78b00\" data-element_type=\"column\">\n\t\t\t<div class=\"elementor-widget-wrap elementor-element-populated\">\n\t\t\t\t\t\t<div class=\"elementor-element elementor-element-14351c2 elementor-widget elementor-widget-text-editor\" data-id=\"14351c2\" data-element_type=\"widget\" data-widget_type=\"text-editor.default\">\n\t\t\t\t<div class=\"elementor-widget-container\">\n\t\t\t\t\t\t\t\t\t<h2>Internationaler Karl-Leisner-Kreis<\/h2><p>Eine nahezu vollst\u00e4ndige Auflistung der Orte und Zeugnisse der Verehrung des Seligen Karl Leisner finden Sie auf der Homepage des Internationalen Karl-Leisner-Kreises.\u00a0<\/p><p><strong>\u00a0<a href=\"http:\/\/www.karl-leisner.de\">http:\/\/www.karl-leisner.de<\/a><\/strong><\/p>\t\t\t\t\t\t\t\t<\/div>\n\t\t\t\t<\/div>\n\t\t\t\t\t<\/div>\n\t\t<\/div>\n\t\t\t\t\t<\/div>\n\t\t<\/section>\n\t\t\t\t<section class=\"elementor-section elementor-top-section elementor-element elementor-element-748a1b6 elementor-section-boxed elementor-section-height-default elementor-section-height-default elementor-columns-alignment-fix-enabled\" data-id=\"748a1b6\" data-element_type=\"section\" data-settings=\"{&quot;background_background&quot;:&quot;classic&quot;}\">\n\t\t\t\t\t\t<div class=\"elementor-container elementor-column-gap-wider\">\n\t\t\t\t\t<div class=\"elementor-column elementor-col-50 elementor-top-column elementor-element elementor-element-ddb111e\" data-id=\"ddb111e\" data-element_type=\"column\">\n\t\t\t<div class=\"elementor-widget-wrap elementor-element-populated\">\n\t\t\t\t\t\t<div class=\"elementor-element elementor-element-ac3c68d elementor-widget elementor-widget-text-editor\" data-id=\"ac3c68d\" data-element_type=\"widget\" data-widget_type=\"text-editor.default\">\n\t\t\t\t<div class=\"elementor-widget-container\">\n\t\t\t\t\t\t\t\t\t<h2>B\u00fccher<\/h2><p>Wenn Sie sich \u00fcber Karl Leisner n\u00e4her informieren wollen, k\u00f6nnen Ihnen folgende Schriften eine gute Hilfe sein:<\/p><ul><li>Hermann Gebert: Geschichte einer Berufung\u00a0 \u00a0 \u00a0 \u00a0 \u00a0 \u00a0 \u00a0 \u00a0 \u00a0 \u00a0 \u00a0 \u00a0 \u00a0 \u00a0 \u00a0 Karl Leisner (1915 &#8211; 1945)<\/li><li>Joachim Schmiedl: Mit letzter Konsequenz\u00a0 \u00a0 \u00a0 \u00a0 \u00a0 \u00a0 \u00a0 \u00a0 \u00a0 \u00a0 \u00a0 \u00a0 \u00a0 Karl Leisner 1915 &#8211; 1945<\/li><li>Ren\u00e9 Lejeune: Wie Gold im Feuer gel\u00e4utert\u00a0 \u00a0 \u00a0 \u00a0 \u00a0 \u00a0 \u00a0 \u00a0 \u00a0 \u00a0 \u00a0 \u00a0 \u00a0 \u00a0Karl Leisner (1915 &#8211; 1945)<\/li><li>H.-K. Seeger, G. Latzel: Karl Leisner &#8211; Priesterweihe und Primiz im KZ Dachau<\/li><li>Wegstationen Karl Leisners in der Erzdi\u00f6zese Freiburg<\/li><li>H.-K. Seeger (Hrsg.), Karl Leisners letztes Tagebuch<\/li><li>Arnaud Join-Lambert, Ganz und ungeteilt &#8211; 15 Tage mit\u00a0 \u00a0 \u00a0Karl Leisner<\/li><li>Oskar B\u00fchler, Das Sch\u00f6nstatt-Heiligtum &#8220;Wiege der Heiligkeit&#8221; f\u00fcr den sel. Karl Leisner<\/li><li>H.-K. Seeger, G. Latzel, Karl Leisner &#8211; Tageb\u00fccher und Briefe &#8211; Eine Lebenschronik<\/li><li>Herausgeber: Internationaler Karl-Leisner-Kreis e.V. (IKLK),\u00a0 Gedenkschrift Karl Leisner 1915 &#8211; 1945 <a href=\"http:\/\/www.karl-leisner.de\/karl-leisner-gedenkschrift\/\">http:\/\/www.karl-leisner.de\/karl-leisner-gedenkschrift\/<\/a><\/li><\/ul>\t\t\t\t\t\t\t\t<\/div>\n\t\t\t\t<\/div>\n\t\t\t\t\t<\/div>\n\t\t<\/div>\n\t\t\t\t<div class=\"elementor-column elementor-col-50 elementor-top-column elementor-element elementor-element-eab337a\" data-id=\"eab337a\" data-element_type=\"column\">\n\t\t\t<div class=\"elementor-widget-wrap elementor-element-populated\">\n\t\t\t\t\t\t<div class=\"elementor-element elementor-element-9dbab92 elementor-widget__width-initial elementor-widget elementor-widget-text-editor\" data-id=\"9dbab92\" data-element_type=\"widget\" data-widget_type=\"text-editor.default\">\n\t\t\t\t<div class=\"elementor-widget-container\">\n\t\t\t\t\t\t\t\t\t<h2>Materialien<\/h2><p>Folgende Materialien k\u00f6nnen Sie herunterladen, speichern und\/oder ausdrucken:<\/p><ol><li><a href=\"http:\/\/downloads.eo-bamberg.de\/5\/484\/2\/50935501543727991178.pdf\" target=\"_blank\" rel=\"noopener\">Karl Leisner Texte (pdf)<\/a><\/li><li><a href=\"http:\/\/downloads.eo-bamberg.de\/5\/484\/2\/83058140466628815359.pdf\" target=\"_blank\" rel=\"noopener\">Karl Leisner Eucharistiefeier (pdf)<\/a><\/li><li>Gro\u00dfer Beliebtheit erfreut sich der\u00a0<a href=\"http:\/\/downloads.eo-bamberg.de\/5\/484\/2\/50866237457958160212.pdf\" target=\"_blank\" rel=\"noopener\">&#8220;Rosenkranz um Priesterberufe mit dem seligen Karl Leisner&#8221; (pdf)<\/a>, den Sie ebenfalls herunterladen und ausdrucken k\u00f6nnen.<\/li><li><a href=\"http:\/\/downloads.eo-bamberg.de\/5\/484\/2\/50614146843840629670.pdf\" target=\"_blank\" rel=\"noopener\">Karl Leisner \/ Schwester Emilie Engel (pdf)<\/a>\u00a0&#8211; Pfingstnovene 2008<\/li><\/ol>\t\t\t\t\t\t\t\t<\/div>\n\t\t\t\t<\/div>\n\t\t\t\t\t<\/div>\n\t\t<\/div>\n\t\t\t\t\t<\/div>\n\t\t<\/section>\n\t\t\t\t<section class=\"elementor-section elementor-top-section elementor-element elementor-element-d39661d elementor-section-boxed elementor-section-height-default elementor-section-height-default elementor-columns-alignment-fix-enabled\" data-id=\"d39661d\" data-element_type=\"section\" data-settings=\"{&quot;background_background&quot;:&quot;classic&quot;}\">\n\t\t\t\t\t\t<div class=\"elementor-container elementor-column-gap-wider\">\n\t\t\t\t\t<div class=\"elementor-column elementor-col-50 elementor-top-column elementor-element elementor-element-931d53c\" data-id=\"931d53c\" data-element_type=\"column\">\n\t\t\t<div class=\"elementor-widget-wrap elementor-element-populated\">\n\t\t\t\t\t\t<div class=\"elementor-element elementor-element-303c2ae elementor-widget elementor-widget-text-editor\" data-id=\"303c2ae\" data-element_type=\"widget\" data-widget_type=\"text-editor.default\">\n\t\t\t\t<div class=\"elementor-widget-container\">\n\t\t\t\t\t\t\t\t\t<h1><strong>\u00a0 \u00a0 \u00a0 \u00a0 \u00a0 \u00a0 \u00a0 \u00a0 \u00a0 \u00a0 \u00a0 \u00a0 \u00a0 \u00a0 \u00a0 \u00a0 \u00a0 \u00a0 \u00a0 \u00a0 \u00a0 \u00a0 \u00a0 \u00a0 \u00a0Dachaualtar<\/strong><\/h1>\t\t\t\t\t\t\t\t<\/div>\n\t\t\t\t<\/div>\n\t\t\t\t\t<\/div>\n\t\t<\/div>\n\t\t\t\t<div class=\"elementor-column elementor-col-50 elementor-top-column elementor-element elementor-element-a7dd680\" data-id=\"a7dd680\" data-element_type=\"column\">\n\t\t\t<div class=\"elementor-widget-wrap elementor-element-populated\">\n\t\t\t\t\t\t\t<\/div>\n\t\t<\/div>\n\t\t\t\t\t<\/div>\n\t\t<\/section>\n\t\t\t\t<section class=\"elementor-section elementor-top-section elementor-element elementor-element-99fa281 elementor-section-boxed elementor-section-height-default elementor-section-height-default elementor-columns-alignment-fix-enabled\" data-id=\"99fa281\" data-element_type=\"section\">\n\t\t\t\t\t\t<div class=\"elementor-container elementor-column-gap-default\">\n\t\t\t\t\t<div class=\"elementor-column elementor-col-100 elementor-top-column elementor-element elementor-element-e147ecb\" data-id=\"e147ecb\" data-element_type=\"column\">\n\t\t\t<div class=\"elementor-widget-wrap elementor-element-populated\">\n\t\t\t\t\t\t<div class=\"elementor-element elementor-element-f3a006b elementor-widget elementor-widget-image\" data-id=\"f3a006b\" data-element_type=\"widget\" data-widget_type=\"image.default\">\n\t\t\t\t<div class=\"elementor-widget-container\">\n\t\t\t\t\t\t\t\t\t\t\t\t\t\t\t<img decoding=\"async\" width=\"1024\" height=\"461\" src=\"https:\/\/www.moriah-schoenstatt.org\/wp-content\/uploads\/2025\/07\/Dachaukapelle-mit-Dachaualtar-auf-Berg-Moriah-1024x461.jpg\" class=\"attachment-large size-large wp-image-5963\" alt=\"\" srcset=\"https:\/\/www.moriah-schoenstatt.org\/wp-content\/uploads\/2025\/07\/Dachaukapelle-mit-Dachaualtar-auf-Berg-Moriah-1024x461.jpg 1024w, https:\/\/www.moriah-schoenstatt.org\/wp-content\/uploads\/2025\/07\/Dachaukapelle-mit-Dachaualtar-auf-Berg-Moriah-300x135.jpg 300w, https:\/\/www.moriah-schoenstatt.org\/wp-content\/uploads\/2025\/07\/Dachaukapelle-mit-Dachaualtar-auf-Berg-Moriah-768x346.jpg 768w, https:\/\/www.moriah-schoenstatt.org\/wp-content\/uploads\/2025\/07\/Dachaukapelle-mit-Dachaualtar-auf-Berg-Moriah-1536x691.jpg 1536w, https:\/\/www.moriah-schoenstatt.org\/wp-content\/uploads\/2025\/07\/Dachaukapelle-mit-Dachaualtar-auf-Berg-Moriah-scaled.jpg 2000w\" sizes=\"(max-width: 1024px) 100vw, 1024px\" \/>\t\t\t\t\t\t\t\t\t\t\t\t\t\t\t<\/div>\n\t\t\t\t<\/div>\n\t\t\t\t\t<\/div>\n\t\t<\/div>\n\t\t\t\t\t<\/div>\n\t\t<\/section>\n\t\t\t\t<section class=\"elementor-section elementor-top-section elementor-element elementor-element-0bf449a elementor-section-boxed elementor-section-height-default elementor-section-height-default elementor-columns-alignment-fix-enabled\" data-id=\"0bf449a\" data-element_type=\"section\">\n\t\t\t\t\t\t<div class=\"elementor-container elementor-column-gap-default\">\n\t\t\t\t\t<div class=\"elementor-column elementor-col-100 elementor-top-column elementor-element elementor-element-ce92d27\" data-id=\"ce92d27\" data-element_type=\"column\">\n\t\t\t<div class=\"elementor-widget-wrap elementor-element-populated\">\n\t\t\t\t\t\t<div class=\"elementor-element elementor-element-d1c389e elementor-widget__width-initial elementor-widget elementor-widget-text-editor\" data-id=\"d1c389e\" data-element_type=\"widget\" data-widget_type=\"text-editor.default\">\n\t\t\t\t<div class=\"elementor-widget-container\">\n\t\t\t\t\t\t\t\t\t<h3><strong>\u00a0 \u00a0 \u00a0 \u00a0 \u00a0 Artikel von Dr. Christian L\u00f6hr aus der \u00a0Karl Leisner Gedenkschrift<\/strong><\/h3><p><a href=\"https:\/\/www.moriah-schoenstatt.org\/wp-content\/uploads\/2025\/07\/Ist-der-echt-Artikel-zu-80-Jahre-Priesterweihe-Karl-Leisner.pdf\">\u00a0 \u00a0 \u00a0 \u00a0 \u00a0 \u00a0Ist der echt &#8211; Artikel zu 80 Jahre Priesterweihe Karl Leisner (pdf)<\/a><\/p>\t\t\t\t\t\t\t\t<\/div>\n\t\t\t\t<\/div>\n\t\t\t\t\t<\/div>\n\t\t<\/div>\n\t\t\t\t\t<\/div>\n\t\t<\/section>\n\t\t\t\t<\/div>\n\t\t","protected":false},"excerpt":{"rendered":"<p>Am 26. Juni 1996 im Olympiastadion in Berlin von Papst Johannes Paul II. Seliggesprochen, ist Karl Leisner der erste aus der Sch\u00f6nstattbewegung, dem die Ehre der Alt\u00e4re zuteil wurde. Von einer innigen Liebe zu Maria und einer tiefgehenden Begeisterung f\u00fcr Christus und die Kirche gepr\u00e4gt, ist er eine hervorragende Gestalt der katholischen Jugendbewegung der 30er &#8230; <a title=\"Der Selige Karl Leisner, einer von uns\" class=\"read-more\" href=\"https:\/\/www.moriah-schoenstatt.org\/en\/ueber-uns\/karl-leisner\/\" aria-label=\"Read more about Der Selige Karl Leisner, einer von uns\">Read more<\/a><\/p>\n","protected":false},"author":1,"featured_media":2142,"parent":2287,"menu_order":1,"comment_status":"closed","ping_status":"closed","template":"","meta":{"_acf_changed":false,"footnotes":""},"class_list":["post-2293","page","type-page","status-publish","has-post-thumbnail"],"acf":[],"_links":{"self":[{"href":"https:\/\/www.moriah-schoenstatt.org\/en\/wp-json\/wp\/v2\/pages\/2293","targetHints":{"allow":["GET"]}}],"collection":[{"href":"https:\/\/www.moriah-schoenstatt.org\/en\/wp-json\/wp\/v2\/pages"}],"about":[{"href":"https:\/\/www.moriah-schoenstatt.org\/en\/wp-json\/wp\/v2\/types\/page"}],"author":[{"embeddable":true,"href":"https:\/\/www.moriah-schoenstatt.org\/en\/wp-json\/wp\/v2\/users\/1"}],"replies":[{"embeddable":true,"href":"https:\/\/www.moriah-schoenstatt.org\/en\/wp-json\/wp\/v2\/comments?post=2293"}],"version-history":[{"count":51,"href":"https:\/\/www.moriah-schoenstatt.org\/en\/wp-json\/wp\/v2\/pages\/2293\/revisions"}],"predecessor-version":[{"id":6016,"href":"https:\/\/www.moriah-schoenstatt.org\/en\/wp-json\/wp\/v2\/pages\/2293\/revisions\/6016"}],"up":[{"embeddable":true,"href":"https:\/\/www.moriah-schoenstatt.org\/en\/wp-json\/wp\/v2\/pages\/2287"}],"wp:featuredmedia":[{"embeddable":true,"href":"https:\/\/www.moriah-schoenstatt.org\/en\/wp-json\/wp\/v2\/media\/2142"}],"wp:attachment":[{"href":"https:\/\/www.moriah-schoenstatt.org\/en\/wp-json\/wp\/v2\/media?parent=2293"}],"curies":[{"name":"wp","href":"https:\/\/api.w.org\/{rel}","templated":true}]}}