{"id":2314,"date":"2021-04-15T15:53:55","date_gmt":"2021-04-15T15:53:55","guid":{"rendered":"https:\/\/www.moriah-schoenstatt.org\/priesterliga\/"},"modified":"2023-04-11T18:22:08","modified_gmt":"2023-04-11T18:22:08","slug":"priesterliga","status":"publish","type":"page","link":"https:\/\/www.moriah-schoenstatt.org\/en\/priesterliga\/","title":{"rendered":"Sch\u00f6nstatt-Priesterliga in Deutschland"},"content":{"rendered":"\t\t<div data-elementor-type=\"wp-page\" data-elementor-id=\"2314\" class=\"elementor elementor-2314 elementor-2220\" data-elementor-post-type=\"page\">\n\t\t\t\t\t\t<section class=\"elementor-section elementor-top-section elementor-element elementor-element-8d001e8 elementor-section-boxed elementor-section-height-default elementor-section-height-default elementor-columns-alignment-fix-enabled\" data-id=\"8d001e8\" data-element_type=\"section\">\n\t\t\t\t\t\t<div class=\"elementor-container elementor-column-gap-wide\">\n\t\t\t\t\t<div class=\"elementor-column elementor-col-66 elementor-top-column elementor-element elementor-element-3dda862\" data-id=\"3dda862\" data-element_type=\"column\">\n\t\t\t<div class=\"elementor-widget-wrap elementor-element-populated\">\n\t\t\t\t\t\t<div class=\"elementor-element elementor-element-ee82341 elementor-widget elementor-widget-toggle\" data-id=\"ee82341\" data-element_type=\"widget\" data-widget_type=\"toggle.default\">\n\t\t\t\t<div class=\"elementor-widget-container\">\n\t\t\t\t\t\t\t<div class=\"elementor-toggle\">\n\t\t\t\t\t\t\t<div class=\"elementor-toggle-item\">\n\t\t\t\t\t<div id=\"elementor-tab-title-2501\" class=\"elementor-tab-title\" data-tab=\"1\" role=\"button\" aria-controls=\"elementor-tab-content-2501\" aria-expanded=\"false\">\n\t\t\t\t\t\t\t\t\t\t\t\t<span class=\"elementor-toggle-icon elementor-toggle-icon-left\" aria-hidden=\"true\">\n\t\t\t\t\t\t\t\t\t\t\t\t\t\t\t<span class=\"elementor-toggle-icon-closed\"><i class=\"fas fa-chevron-down\"><\/i><\/span>\n\t\t\t\t\t\t\t\t<span class=\"elementor-toggle-icon-opened\"><i class=\"elementor-toggle-icon-opened fas fa-chevron-up\"><\/i><\/span>\n\t\t\t\t\t\t\t\t\t\t\t\t\t<\/span>\n\t\t\t\t\t\t\t\t\t\t\t\t<a class=\"elementor-toggle-title\" tabindex=\"0\">Wer sind wir?<\/a>\n\t\t\t\t\t<\/div>\n\n\t\t\t\t\t<div id=\"elementor-tab-content-2501\" class=\"elementor-tab-content elementor-clearfix\" data-tab=\"1\" role=\"region\" aria-labelledby=\"elementor-tab-title-2501\"><ul><li>Wir sind Di\u00f6zesanpriester in unserem Bistum<\/li><li>Wir geh\u00f6ren zu Sch\u00f6nstatt,<br \/>einer internationalen Geistlichen Bewegung innerhalb der Katholischen Kirche<\/li><li>Mit uns z\u00e4hlen sich noch weitere f\u00fcnfundzwanzig Gruppierungen zur Sch\u00f6nstatt-Bewegung:<br \/>Priester, Frauen, M\u00e4nner, Familien und Jugendliche<\/li><li>Jede Gruppierung ist rechtlich selbst\u00e4ndig<\/li><\/ul><\/div>\n\t\t\t\t<\/div>\n\t\t\t\t\t\t\t<div class=\"elementor-toggle-item\">\n\t\t\t\t\t<div id=\"elementor-tab-title-2502\" class=\"elementor-tab-title\" data-tab=\"2\" role=\"button\" aria-controls=\"elementor-tab-content-2502\" aria-expanded=\"false\">\n\t\t\t\t\t\t\t\t\t\t\t\t<span class=\"elementor-toggle-icon elementor-toggle-icon-left\" aria-hidden=\"true\">\n\t\t\t\t\t\t\t\t\t\t\t\t\t\t\t<span class=\"elementor-toggle-icon-closed\"><i class=\"fas fa-chevron-down\"><\/i><\/span>\n\t\t\t\t\t\t\t\t<span class=\"elementor-toggle-icon-opened\"><i class=\"elementor-toggle-icon-opened fas fa-chevron-up\"><\/i><\/span>\n\t\t\t\t\t\t\t\t\t\t\t\t\t<\/span>\n\t\t\t\t\t\t\t\t\t\t\t\t<a class=\"elementor-toggle-title\" tabindex=\"0\">Allen gemeinsam ist<\/a>\n\t\t\t\t\t<\/div>\n\n\t\t\t\t\t<div id=\"elementor-tab-content-2502\" class=\"elementor-tab-content elementor-clearfix\" data-tab=\"2\" role=\"region\" aria-labelledby=\"elementor-tab-title-2502\"><ul><li>der Gr\u00fcnder: Pater Josef Kentenich und seine originelle Spiritualit\u00e4t<\/li><li>der Gr\u00fcndungstag: 18. Oktober als Ursprung der ganzen Bewegung<br \/>ein neuer Zugang zu Maria und die Orientierung an ihrer Person und Sendung<\/li><li>die Liebe zur Kirche, die sich in engagierter Mitverantwortung ausdr\u00fcckt<\/li><li>der missionarische Einsatz f\u00fcr die Erneuerung der Kirche und eine neue christliche Kultur<\/li><\/ul><\/div>\n\t\t\t\t<\/div>\n\t\t\t\t\t\t\t<div class=\"elementor-toggle-item\">\n\t\t\t\t\t<div id=\"elementor-tab-title-2503\" class=\"elementor-tab-title\" data-tab=\"3\" role=\"button\" aria-controls=\"elementor-tab-content-2503\" aria-expanded=\"false\">\n\t\t\t\t\t\t\t\t\t\t\t\t<span class=\"elementor-toggle-icon elementor-toggle-icon-left\" aria-hidden=\"true\">\n\t\t\t\t\t\t\t\t\t\t\t\t\t\t\t<span class=\"elementor-toggle-icon-closed\"><i class=\"fas fa-chevron-down\"><\/i><\/span>\n\t\t\t\t\t\t\t\t<span class=\"elementor-toggle-icon-opened\"><i class=\"elementor-toggle-icon-opened fas fa-chevron-up\"><\/i><\/span>\n\t\t\t\t\t\t\t\t\t\t\t\t\t<\/span>\n\t\t\t\t\t\t\t\t\t\t\t\t<a class=\"elementor-toggle-title\" tabindex=\"0\">Was wollen wir?<\/a>\n\t\t\t\t\t<\/div>\n\n\t\t\t\t\t<div id=\"elementor-tab-content-2503\" class=\"elementor-tab-content elementor-clearfix\" data-tab=\"3\" role=\"region\" aria-labelledby=\"elementor-tab-title-2503\"><ul><li>Mit den anderen Sch\u00f6nstatt-Priestergemeinschaften bem\u00fchen wir uns in der Priesterliga um Formung und ganzheitliche Entfaltung der priesterlichen Pers\u00f6nlichkeit<\/li><li>Unter dem Schutze Mariens finden wir Heimat und Geborgenheit in den Auseinandersetzungen in einer pluralistischen und s\u00e4kularisierten Welt.<\/li><li>Im B\u00fcndnis mit Maria arbeiten wir mit an der Neuevangelisierung der Kirche auf ihrem Weg durch das dritte christliche Jahrtausend<\/li><\/ul><\/div>\n\t\t\t\t<\/div>\n\t\t\t\t\t\t\t<div class=\"elementor-toggle-item\">\n\t\t\t\t\t<div id=\"elementor-tab-title-2504\" class=\"elementor-tab-title\" data-tab=\"4\" role=\"button\" aria-controls=\"elementor-tab-content-2504\" aria-expanded=\"false\">\n\t\t\t\t\t\t\t\t\t\t\t\t<span class=\"elementor-toggle-icon elementor-toggle-icon-left\" aria-hidden=\"true\">\n\t\t\t\t\t\t\t\t\t\t\t\t\t\t\t<span class=\"elementor-toggle-icon-closed\"><i class=\"fas fa-chevron-down\"><\/i><\/span>\n\t\t\t\t\t\t\t\t<span class=\"elementor-toggle-icon-opened\"><i class=\"elementor-toggle-icon-opened fas fa-chevron-up\"><\/i><\/span>\n\t\t\t\t\t\t\t\t\t\t\t\t\t<\/span>\n\t\t\t\t\t\t\t\t\t\t\t\t<a class=\"elementor-toggle-title\" tabindex=\"0\">Woraus versuchen wir zu leben?<\/a>\n\t\t\t\t\t<\/div>\n\n\t\t\t\t\t<div id=\"elementor-tab-content-2504\" class=\"elementor-tab-content elementor-clearfix\" data-tab=\"4\" role=\"region\" aria-labelledby=\"elementor-tab-title-2504\"><ul><li>Aus dem &#8220;Vorsehungsglauben&#8221;:<br \/>Gott suchen und finden in allen Dingen, Ereignissen und Menschen<\/li><li>Aus der &#8220;Werktagsheiligkeit&#8221;:<br \/>Den Alltag gestalten aus der Liebe zu Gott und den Menschen<\/li><li>Aus dem &#8220;Liebesb\u00fcndnis&#8221;: Mit Maria den Bund mit Gott konkret leben<\/li><li>Aus der Spiritualit\u00e4t von Pater Josef Kentenich<\/li><li>Aus der Verbundenheit mit dem geistlichen Zentrum der Sch\u00f6n\u00adstattbewegung, dem Heiligtum der Gottesmutter<\/li><li>Aus der Erfahrung familienhafter Gemeinschaft:<br \/>Sie schenkt uns<br \/>&#8211; Halt im Kreis Gleichgesinnter<br \/>&#8211; Anregungen f\u00fcr die eigene Pers\u00f6nlichkeitsentfaltung<br \/>&#8211; Pastorale Impulse f\u00fcr den Seelsorgsdienst<\/li><\/ul><\/div>\n\t\t\t\t<\/div>\n\t\t\t\t\t\t\t<div class=\"elementor-toggle-item\">\n\t\t\t\t\t<div id=\"elementor-tab-title-2505\" class=\"elementor-tab-title\" data-tab=\"5\" role=\"button\" aria-controls=\"elementor-tab-content-2505\" aria-expanded=\"false\">\n\t\t\t\t\t\t\t\t\t\t\t\t<span class=\"elementor-toggle-icon elementor-toggle-icon-left\" aria-hidden=\"true\">\n\t\t\t\t\t\t\t\t\t\t\t\t\t\t\t<span class=\"elementor-toggle-icon-closed\"><i class=\"fas fa-chevron-down\"><\/i><\/span>\n\t\t\t\t\t\t\t\t<span class=\"elementor-toggle-icon-opened\"><i class=\"elementor-toggle-icon-opened fas fa-chevron-up\"><\/i><\/span>\n\t\t\t\t\t\t\t\t\t\t\t\t\t<\/span>\n\t\t\t\t\t\t\t\t\t\t\t\t<a class=\"elementor-toggle-title\" tabindex=\"0\">Wir setzen uns ein:<\/a>\n\t\t\t\t\t<\/div>\n\n\t\t\t\t\t<div id=\"elementor-tab-content-2505\" class=\"elementor-tab-content elementor-clearfix\" data-tab=\"5\" role=\"region\" aria-labelledby=\"elementor-tab-title-2505\"><ul><li>F\u00fcr das Presbyterium unseres Bischofs<\/li><li>F\u00fcr die Priesterschaft des Dekanates<\/li><li>F\u00fcr eine kooperative Seelsorge in unseren Pfarreien<\/li><li>F\u00fcr die Gliedgemeinschaften der Sch\u00f6nstattbewegung<\/li><li>F\u00fcr die Erneuerung des Priesterbildes aus dem Geist der evangelischen R\u00e4te<\/li><li>F\u00fcr eine erneuerte Kirche aus dem Geist des II. Vatikanums<\/li><li>F\u00fcr eine Kultur der Liebe<\/li><\/ul><\/div>\n\t\t\t\t<\/div>\n\t\t\t\t\t\t\t<div class=\"elementor-toggle-item\">\n\t\t\t\t\t<div id=\"elementor-tab-title-2506\" class=\"elementor-tab-title\" data-tab=\"6\" role=\"button\" aria-controls=\"elementor-tab-content-2506\" aria-expanded=\"false\">\n\t\t\t\t\t\t\t\t\t\t\t\t<span class=\"elementor-toggle-icon elementor-toggle-icon-left\" aria-hidden=\"true\">\n\t\t\t\t\t\t\t\t\t\t\t\t\t\t\t<span class=\"elementor-toggle-icon-closed\"><i class=\"fas fa-chevron-down\"><\/i><\/span>\n\t\t\t\t\t\t\t\t<span class=\"elementor-toggle-icon-opened\"><i class=\"elementor-toggle-icon-opened fas fa-chevron-up\"><\/i><\/span>\n\t\t\t\t\t\t\t\t\t\t\t\t\t<\/span>\n\t\t\t\t\t\t\t\t\t\t\t\t<a class=\"elementor-toggle-title\" tabindex=\"0\">Wie arbeiten wir?<\/a>\n\t\t\t\t\t<\/div>\n\n\t\t\t\t\t<div id=\"elementor-tab-content-2506\" class=\"elementor-tab-content elementor-clearfix\" data-tab=\"6\" role=\"region\" aria-labelledby=\"elementor-tab-title-2506\"><p>Wir schlie\u00dfen uns zusammen innerhalb der Di\u00f6zese:<\/p><ul><li>In Gespr\u00e4chskreisen<\/li><li>Bei Tagen der Besinnung und Erholung<\/li><li>In Tagungen und Exerzitien<\/li><\/ul><p>Wir bilden eine \u00fcberdi\u00f6zesane Arbeitsgemeinschaft am Gr\u00fcndungsort Sch\u00f6nstatt in Vallendar bei Koblenz:<\/p><ul><li>Uns stehen Inspirationshilfen aus den anderen sch\u00f6nst\u00e4ttischen Priestergemeinschaften zur Verf\u00fcgung<\/li><li>Gemeinsam mit ihnen bieten wir Veranstaltungen und Arbeitshilfen an<\/li><li>Ein Jahresthema greift aktuelle Fragen auf, die wir aus dem Charisma des Gr\u00fcnders zu beantworten suchen<\/li><\/ul><\/div>\n\t\t\t\t<\/div>\n\t\t\t\t\t\t\t<div class=\"elementor-toggle-item\">\n\t\t\t\t\t<div id=\"elementor-tab-title-2507\" class=\"elementor-tab-title\" data-tab=\"7\" role=\"button\" aria-controls=\"elementor-tab-content-2507\" aria-expanded=\"false\">\n\t\t\t\t\t\t\t\t\t\t\t\t<span class=\"elementor-toggle-icon elementor-toggle-icon-left\" aria-hidden=\"true\">\n\t\t\t\t\t\t\t\t\t\t\t\t\t\t\t<span class=\"elementor-toggle-icon-closed\"><i class=\"fas fa-chevron-down\"><\/i><\/span>\n\t\t\t\t\t\t\t\t<span class=\"elementor-toggle-icon-opened\"><i class=\"elementor-toggle-icon-opened fas fa-chevron-up\"><\/i><\/span>\n\t\t\t\t\t\t\t\t\t\t\t\t\t<\/span>\n\t\t\t\t\t\t\t\t\t\t\t\t<a class=\"elementor-toggle-title\" tabindex=\"0\">Wie werde ich Sch\u00f6nstatt-Ligapriester?<\/a>\n\t\t\t\t\t<\/div>\n\n\t\t\t\t\t<div id=\"elementor-tab-content-2507\" class=\"elementor-tab-content elementor-clearfix\" data-tab=\"7\" role=\"region\" aria-labelledby=\"elementor-tab-title-2507\"><p>Durch die pers\u00f6nliche Weihe an die &#8220;Dreimal wunderbare Mutter von Sch\u00f6nstatt&#8221; verpflichte ich mich selbst als &#8220;Mitarbeiter&#8221;:<\/p><ul><li>zum Streben nach standesge\u00adm\u00e4\u00dfer Heiligkeit durch hochherzige Selbsterziehung<\/li><li>zum eifrigen Apostolat<\/li><li>und zum Bezug des Kontaktblattes &#8220;Ligabrief&#8221;<\/li><\/ul><p>oder als &#8220;Mitglied&#8221;:<\/p><p>dar\u00fcber hinaus &#8211; zur Sicherung des geistlichen Lebens &#8211;<\/p><ul><li>zu einer geistlichen Tagesordnung<\/li><li>zu regelm\u00e4\u00dfigem Empfang des Bu\u00dfsakramentes im Sinne Geistlicher Begleitung<\/li><li>und zur Teilnahme an Exerzi\u00adtien oder Tagungen<\/li><\/ul><\/div>\n\t\t\t\t<\/div>\n\t\t\t\t\t\t\t<div class=\"elementor-toggle-item\">\n\t\t\t\t\t<div id=\"elementor-tab-title-2508\" class=\"elementor-tab-title\" data-tab=\"8\" role=\"button\" aria-controls=\"elementor-tab-content-2508\" aria-expanded=\"false\">\n\t\t\t\t\t\t\t\t\t\t\t\t<span class=\"elementor-toggle-icon elementor-toggle-icon-left\" aria-hidden=\"true\">\n\t\t\t\t\t\t\t\t\t\t\t\t\t\t\t<span class=\"elementor-toggle-icon-closed\"><i class=\"fas fa-chevron-down\"><\/i><\/span>\n\t\t\t\t\t\t\t\t<span class=\"elementor-toggle-icon-opened\"><i class=\"elementor-toggle-icon-opened fas fa-chevron-up\"><\/i><\/span>\n\t\t\t\t\t\t\t\t\t\t\t\t\t<\/span>\n\t\t\t\t\t\t\t\t\t\t\t\t<a class=\"elementor-toggle-title\" tabindex=\"0\">Wie werden wir zu einer lebendigen Gemeinschaft?<\/a>\n\t\t\t\t\t<\/div>\n\n\t\t\t\t\t<div id=\"elementor-tab-content-2508\" class=\"elementor-tab-content elementor-clearfix\" data-tab=\"8\" role=\"region\" aria-labelledby=\"elementor-tab-title-2508\"><p>Priester sind keine Einzelk\u00e4mpfer. Gemeinschaft spielt bei uns eine gro\u00dfe Rolle. Wir verstehen uns als weltweite, famili\u00e4re Gemeinschaft, die aus verbindlichen Beziehungen lebt. Deshalb binden wir uns an die Gemeinschaft und d\u00fcrfen uns so der Sorge und der Treue der Gemeinschaft sicher sein. Mitbr\u00fcderlicher Austausch, feste Freundschaften und gemeinsame Freizeitgestaltung haben bei uns einen hohen Stellenwert. So entsteht eine Atmosph\u00e4re der Geborgenheit, die tr\u00e4gt und uns in unserem Dienst ermutigt.<\/p><\/div>\n\t\t\t\t<\/div>\n\t\t\t\t\t\t\t\t<\/div>\n\t\t\t\t\t\t<\/div>\n\t\t\t\t<\/div>\n\t\t\t\t\t<\/div>\n\t\t<\/div>\n\t\t\t\t<div class=\"elementor-column elementor-col-33 elementor-top-column elementor-element elementor-element-8c3bd0c\" data-id=\"8c3bd0c\" data-element_type=\"column\">\n\t\t\t<div class=\"elementor-widget-wrap elementor-element-populated\">\n\t\t\t\t\t\t<div class=\"elementor-element elementor-element-def3d91 elementor-widget elementor-widget-image\" data-id=\"def3d91\" data-element_type=\"widget\" data-widget_type=\"image.default\">\n\t\t\t\t<div class=\"elementor-widget-container\">\n\t\t\t\t\t\t\t\t\t\t\t\t\t\t\t<img fetchpriority=\"high\" decoding=\"async\" width=\"259\" height=\"263\" src=\"https:\/\/www.moriah-schoenstatt.org\/wp-content\/uploads\/2021\/04\/diligimus-ecclesiam.png\" class=\"attachment-large size-large wp-image-2984\" alt=\"\" \/>\t\t\t\t\t\t\t\t\t\t\t\t\t\t\t<\/div>\n\t\t\t\t<\/div>\n\t\t\t\t<div class=\"elementor-element elementor-element-c4db764 elementor-widget elementor-widget-image\" data-id=\"c4db764\" data-element_type=\"widget\" data-widget_type=\"image.default\">\n\t\t\t\t<div class=\"elementor-widget-container\">\n\t\t\t\t\t\t\t\t\t\t\t\t\t\t\t<img decoding=\"async\" width=\"450\" height=\"360\" src=\"https:\/\/www.moriah-schoenstatt.org\/wp-content\/uploads\/2021\/04\/52764900108432086984_450.jpg\" class=\"attachment-large size-large wp-image-2979\" alt=\"\" srcset=\"https:\/\/www.moriah-schoenstatt.org\/wp-content\/uploads\/2021\/04\/52764900108432086984_450.jpg 450w, https:\/\/www.moriah-schoenstatt.org\/wp-content\/uploads\/2021\/04\/52764900108432086984_450-300x240.jpg 300w\" sizes=\"(max-width: 450px) 100vw, 450px\" \/>\t\t\t\t\t\t\t\t\t\t\t\t\t\t\t<\/div>\n\t\t\t\t<\/div>\n\t\t\t\t\t<\/div>\n\t\t<\/div>\n\t\t\t\t\t<\/div>\n\t\t<\/section>\n\t\t\t\t<section class=\"elementor-section elementor-top-section elementor-element elementor-element-a16a831 elementor-section-boxed elementor-section-height-default elementor-section-height-default elementor-columns-alignment-fix-enabled\" data-id=\"a16a831\" data-element_type=\"section\">\n\t\t\t\t\t\t<div class=\"elementor-container elementor-column-gap-wide\">\n\t\t\t\t\t<div class=\"elementor-column elementor-col-50 elementor-top-column elementor-element elementor-element-21101db\" data-id=\"21101db\" data-element_type=\"column\">\n\t\t\t<div class=\"elementor-widget-wrap elementor-element-populated\">\n\t\t\t\t\t\t<div class=\"elementor-element elementor-element-5be7359 eael-infobox-icon-bg-shape-none eael-infobox-icon-hover-bg-shape-none elementor-widget elementor-widget-eael-info-box\" data-id=\"5be7359\" data-element_type=\"widget\" data-widget_type=\"eael-info-box.default\">\n\t\t\t\t<div class=\"elementor-widget-container\">\n\t\t\t\t\t        <div class=\"eael-infobox icon-on-left\">\n\t            <div class=\"infobox-icon eael-icon-only\">\n\n            \n                            <div class=\"infobox-icon-wrap\">\n                    <i aria-hidden=\"true\" class=\"fas fa-envelope-open-text\"><\/i>                <\/div>\n            \n            \n        <\/div>\n            <div class=\"infobox-content eael-icon-only\">\n                    <div class=\"infobox-title-section\">\n                <h2 class=\"title\">Ansprechpartner und Kontakt<\/h2>            <\/div>\n            <div><p>Domkapitular<br \/>Dr. Franz-Rudolf Weinert<br \/>Domstra\u00dfe 10<br \/>55116 Mainz<br \/>Telefon: 06131\/226412<br \/>E-Mail: <a href=\"mailto:Franz-Rudolf.Weinert@Bistum-Mainz.de\">Franz-Rudolf.Weinert@Bistum-Mainz.de<\/a><\/p><\/div>        <\/div>\n            <\/div>\n\n\t\t\t\t\t\t<\/div>\n\t\t\t\t<\/div>\n\t\t\t\t\t<\/div>\n\t\t<\/div>\n\t\t\t\t<div class=\"elementor-column elementor-col-50 elementor-top-column elementor-element elementor-element-66e4270\" data-id=\"66e4270\" data-element_type=\"column\">\n\t\t\t<div class=\"elementor-widget-wrap elementor-element-populated\">\n\t\t\t\t\t\t<div class=\"elementor-element elementor-element-c9018ec eael-infobox-icon-bg-shape-none eael-infobox-icon-hover-bg-shape-none elementor-widget elementor-widget-eael-info-box\" data-id=\"c9018ec\" data-element_type=\"widget\" data-widget_type=\"eael-info-box.default\">\n\t\t\t\t<div class=\"elementor-widget-container\">\n\t\t\t\t\t        <div class=\"eael-infobox icon-on-left\">\n\t            <div class=\"infobox-icon eael-icon-only\">\n\n            \n                            <div class=\"infobox-icon-wrap\">\n                    <i aria-hidden=\"true\" class=\"fas fa-envelope-open-text\"><\/i>                <\/div>\n            \n            \n        <\/div>\n            <div class=\"infobox-content eael-icon-only\">\n                    <div class=\"infobox-title-section\">\n                <h2 class=\"title\">Sekretariat:<\/h2>            <\/div>\n            <div><p style=\"font-weight: 400;\">Pfarrer Gerhard Nisch<\/p><p style=\"font-weight: 400;\">Vorsitzender des Sch\u00f6nstatt-Priesterliga e.V.<br \/>Hausweinberg 38<br \/>71334 Waiblingen<br \/>Telefon: 07151 27 99 100<br \/>Telefax: 07151 27 99 177<br \/>E-Mail:\u00a0<u><a href=\"mailto:schoenstatt-priesterliga@t-online.de\">schoenstatt-priesterliga@t-online.de<\/a><\/u><\/p><\/div>        <\/div>\n            <\/div>\n\n\t\t\t\t\t\t<\/div>\n\t\t\t\t<\/div>\n\t\t\t\t\t<\/div>\n\t\t<\/div>\n\t\t\t\t\t<\/div>\n\t\t<\/section>\n\t\t\t\t<section class=\"elementor-section elementor-top-section elementor-element elementor-element-c4bb0f8 elementor-section-boxed elementor-section-height-default elementor-section-height-default elementor-columns-alignment-fix-enabled\" data-id=\"c4bb0f8\" data-element_type=\"section\" data-settings=\"{&quot;background_background&quot;:&quot;classic&quot;}\">\n\t\t\t\t\t\t<div class=\"elementor-container elementor-column-gap-default\">\n\t\t\t\t\t<div class=\"elementor-column elementor-col-100 elementor-top-column elementor-element elementor-element-8079b31\" data-id=\"8079b31\" data-element_type=\"column\">\n\t\t\t<div class=\"elementor-widget-wrap elementor-element-populated\">\n\t\t\t\t\t\t<div class=\"elementor-element elementor-element-170b82a elementor-widget elementor-widget-text-editor\" data-id=\"170b82a\" data-element_type=\"widget\" data-widget_type=\"text-editor.default\">\n\t\t\t\t<div class=\"elementor-widget-container\">\n\t\t\t\t\t\t\t\t\t<h3 style=\"text-align: center;\">Konto bei der Sparkasse Koblenz:<\/h3><p style=\"text-align: center;\">Konto-Nr. 40077 20 (BLZ 570 501 20)<br \/>IBAN: DE28 5705 0120 0004 0077 20<br \/>BIC: MALADE51KOB<\/p>\t\t\t\t\t\t\t\t<\/div>\n\t\t\t\t<\/div>\n\t\t\t\t\t<\/div>\n\t\t<\/div>\n\t\t\t\t\t<\/div>\n\t\t<\/section>\n\t\t\t\t<\/div>\n\t\t","protected":false},"excerpt":{"rendered":"<p>Wer sind wir? Wir sind Di\u00f6zesanpriester in unserem Bistum Wir geh\u00f6ren zu Sch\u00f6nstatt,einer internationalen Geistlichen Bewegung innerhalb der Katholischen Kirche Mit uns z\u00e4hlen sich noch weitere f\u00fcnfundzwanzig Gruppierungen zur Sch\u00f6nstatt-Bewegung:Priester, Frauen, M\u00e4nner, Familien und Jugendliche Jede Gruppierung ist rechtlich selbst\u00e4ndig Allen gemeinsam ist der Gr\u00fcnder: Pater Josef Kentenich und seine originelle Spiritualit\u00e4t der Gr\u00fcndungstag: 18. &#8230; <a title=\"Sch\u00f6nstatt-Priesterliga in Deutschland\" class=\"read-more\" href=\"https:\/\/www.moriah-schoenstatt.org\/en\/priesterliga\/\" aria-label=\"Read more about Sch\u00f6nstatt-Priesterliga in Deutschland\">Read more<\/a><\/p>\n","protected":false},"author":1,"featured_media":954,"parent":0,"menu_order":7,"comment_status":"closed","ping_status":"closed","template":"","meta":{"_acf_changed":false,"footnotes":""},"class_list":["post-2314","page","type-page","status-publish","has-post-thumbnail"],"acf":[],"_links":{"self":[{"href":"https:\/\/www.moriah-schoenstatt.org\/en\/wp-json\/wp\/v2\/pages\/2314","targetHints":{"allow":["GET"]}}],"collection":[{"href":"https:\/\/www.moriah-schoenstatt.org\/en\/wp-json\/wp\/v2\/pages"}],"about":[{"href":"https:\/\/www.moriah-schoenstatt.org\/en\/wp-json\/wp\/v2\/types\/page"}],"author":[{"embeddable":true,"href":"https:\/\/www.moriah-schoenstatt.org\/en\/wp-json\/wp\/v2\/users\/1"}],"replies":[{"embeddable":true,"href":"https:\/\/www.moriah-schoenstatt.org\/en\/wp-json\/wp\/v2\/comments?post=2314"}],"version-history":[{"count":27,"href":"https:\/\/www.moriah-schoenstatt.org\/en\/wp-json\/wp\/v2\/pages\/2314\/revisions"}],"predecessor-version":[{"id":4633,"href":"https:\/\/www.moriah-schoenstatt.org\/en\/wp-json\/wp\/v2\/pages\/2314\/revisions\/4633"}],"wp:featuredmedia":[{"embeddable":true,"href":"https:\/\/www.moriah-schoenstatt.org\/en\/wp-json\/wp\/v2\/media\/954"}],"wp:attachment":[{"href":"https:\/\/www.moriah-schoenstatt.org\/en\/wp-json\/wp\/v2\/media?parent=2314"}],"curies":[{"name":"wp","href":"https:\/\/api.w.org\/{rel}","templated":true}]}}